{"id":1959,"date":"2025-04-10T10:52:06","date_gmt":"2025-04-10T08:52:06","guid":{"rendered":"https:\/\/siepinstitute.com\/?page_id=1959"},"modified":"2025-05-20T17:11:36","modified_gmt":"2025-05-20T15:11:36","slug":"anmalan-oppet-hus","status":"publish","type":"page","link":"https:\/\/siepinstitute.com\/us\/anmalan-oppet-hus\/","title":{"rendered":"Anm\u00e4lan \u00f6ppet hus"},"content":{"rendered":"\t\t<div data-elementor-type=\"wp-page\" data-elementor-id=\"1959\" class=\"elementor elementor-1959\" data-elementor-post-type=\"page\">\n\t\t\t\t\t\t<section class=\"elementor-section elementor-top-section elementor-element elementor-element-f0df1db elementor-section-full_width elementor-section-height-min-height elementor-section-items-stretch elementor-section-content-middle elementor-section-height-default\" data-id=\"f0df1db\" data-element_type=\"section\" data-e-type=\"section\">\n\t\t\t\t\t\t<div class=\"elementor-container elementor-column-gap-no\">\n\t\t\t\t\t<div class=\"elementor-column elementor-col-50 elementor-top-column elementor-element elementor-element-369d3308\" data-id=\"369d3308\" data-element_type=\"column\" data-e-type=\"column\" data-settings=\"{&quot;background_background&quot;:&quot;classic&quot;,&quot;motion_fx_motion_fx_scrolling&quot;:&quot;yes&quot;,&quot;motion_fx_translateY_effect&quot;:&quot;yes&quot;,&quot;motion_fx_translateY_direction&quot;:&quot;negative&quot;,&quot;motion_fx_translateY_speed&quot;:{&quot;unit&quot;:&quot;px&quot;,&quot;size&quot;:&quot;1.1&quot;,&quot;sizes&quot;:[]},&quot;motion_fx_devices&quot;:[&quot;desktop&quot;],&quot;motion_fx_translateY_affectedRange&quot;:{&quot;unit&quot;:&quot;%&quot;,&quot;size&quot;:&quot;&quot;,&quot;sizes&quot;:{&quot;start&quot;:0,&quot;end&quot;:100}}}\">\n\t\t\t<div class=\"elementor-widget-wrap elementor-element-populated\">\n\t\t\t\t\t\t<div class=\"elementor-element elementor-element-23a1fff2 elementor-invisible elementor-widget elementor-widget-heading\" data-id=\"23a1fff2\" data-element_type=\"widget\" data-e-type=\"widget\" data-settings=\"{&quot;_animation&quot;:&quot;fadeInUp&quot;}\" data-widget_type=\"heading.default\">\n\t\t\t\t<div class=\"elementor-widget-container\">\n\t\t\t\t\t<h2 class=\"elementor-heading-title elementor-size-default\">Anm\u00e4lan \u00d6ppet hus<\/h2>\t\t\t\t<\/div>\n\t\t\t\t<\/div>\n\t\t\t\t<div class=\"elementor-element elementor-element-303c64ce elementor-invisible elementor-widget elementor-widget-text-editor\" data-id=\"303c64ce\" data-element_type=\"widget\" data-e-type=\"widget\" data-settings=\"{&quot;_animation&quot;:&quot;fadeIn&quot;}\" data-widget_type=\"text-editor.default\">\n\t\t\t\t<div class=\"elementor-widget-container\">\n\t\t\t\t\t\t\t\t\t<p class=\"p1\">\ud83d\udcc5 <span class=\"s1\"><b>Datum:<\/b><\/span> Onsdag 4 juni<\/p><p class=\"p1\">\ud83d\udd55 <span class=\"s1\"><b>Tid:<\/b><\/span> 18:00\u201319:00<\/p><p class=\"p1\">\ud83c\udf10 <span class=\"s1\"><b>Plats:<\/b><\/span> Online via Zoom<\/p><p class=\"p1\">Zoom-tr\u00e4ffen passar dig som funderar p\u00e5 att s\u00f6ka till v\u00e5r grundl\u00e4ggande psykoterapiutbildning i KBT (steg 1) eller n\u00e5gon av v\u00e5ra f\u00f6rdjupningskurser inom KBT och ACT.<\/p><p class=\"p1\">Varmt v\u00e4lkommen \u2013 vi ser fram emot att ses online!<\/p><p class=\"p1\">\ud83d\udc49 Anm\u00e4l dig kostnadsfritt senast 4 juni via knappen nedan:<\/p>\t\t\t\t\t\t\t\t<\/div>\n\t\t\t\t<\/div>\n\t\t\t\t<div class=\"elementor-element elementor-element-b52d92a elementor-button-info elementor-widget elementor-widget-button\" data-id=\"b52d92a\" data-element_type=\"widget\" data-e-type=\"widget\" data-widget_type=\"button.default\">\n\t\t\t\t<div class=\"elementor-widget-container\">\n\t\t\t\t\t\t\t\t\t<div class=\"elementor-button-wrapper\">\n\t\t\t\t\t<a class=\"elementor-button elementor-button-link elementor-size-sm\" href=\"https:\/\/forms.gle\/ZpeUZnRL7bt9px646\" target=\"_blank\">\n\t\t\t\t\t\t<span class=\"elementor-button-content-wrapper\">\n\t\t\t\t\t\t\t\t\t<span class=\"elementor-button-text\">Klicka h\u00e4r f\u00f6r att anm\u00e4la dig till \u00f6ppet hus (gratis)<\/span>\n\t\t\t\t\t<\/span>\n\t\t\t\t\t<\/a>\n\t\t\t\t<\/div>\n\t\t\t\t\t\t\t\t<\/div>\n\t\t\t\t<\/div>\n\t\t\t\t\t<\/div>\n\t\t<\/div>\n\t\t\t\t<div class=\"elementor-column elementor-col-50 elementor-top-column elementor-element elementor-element-276003a1\" data-id=\"276003a1\" data-element_type=\"column\" data-e-type=\"column\" data-settings=\"{&quot;background_background&quot;:&quot;classic&quot;}\">\n\t\t\t<div class=\"elementor-widget-wrap elementor-element-populated\">\n\t\t\t\t\t\t<div class=\"elementor-element elementor-element-29dfe567 elementor-blockquote--skin-quotation elementor-blockquote--align-center elementor-widget elementor-widget-blockquote\" data-id=\"29dfe567\" data-element_type=\"widget\" data-e-type=\"widget\" data-settings=\"{&quot;motion_fx_motion_fx_scrolling&quot;:&quot;yes&quot;,&quot;motion_fx_translateY_effect&quot;:&quot;yes&quot;,&quot;motion_fx_translateY_speed&quot;:{&quot;unit&quot;:&quot;px&quot;,&quot;size&quot;:&quot;1.1&quot;,&quot;sizes&quot;:[]},&quot;motion_fx_devices&quot;:[&quot;desktop&quot;],&quot;motion_fx_translateY_affectedRange&quot;:{&quot;unit&quot;:&quot;%&quot;,&quot;size&quot;:&quot;&quot;,&quot;sizes&quot;:{&quot;start&quot;:0,&quot;end&quot;:100}}}\" data-widget_type=\"blockquote.default\">\n\t\t\t\t<div class=\"elementor-widget-container\">\n\t\t\t\t\t\t\t<blockquote class=\"elementor-blockquote\">\n\t\t\t<p class=\"elementor-blockquote__content\">\n\t\t\t\t\"Vi vill dela den b\u00e4sta kunskapen med v\u00e5ra kursdeltagare och drivs av vetenskapen och omtanke till m\u00e4nniskan.\"\t\t\t<\/p>\n\t\t\t\t\t\t\t<div class=\"e-q-footer\">\n\t\t\t\t\t\t\t\t\t\t\t<cite class=\"elementor-blockquote__author\">\u2015 Tommy Lydell\u2015 <\/cite>\n\t\t\t\t\t\t\t\t\t\t\t\t\t\t<\/div>\n\t\t\t\t\t<\/blockquote>\n\t\t\t\t\t\t<\/div>\n\t\t\t\t<\/div>\n\t\t\t\t\t<\/div>\n\t\t<\/div>\n\t\t\t\t\t<\/div>\n\t\t<\/section>\n\t\t\t\t<\/div>\n\t\t","protected":false},"excerpt":{"rendered":"<p>Anm\u00e4lan \u00d6ppet hus \ud83d\udcc5 Datum: Onsdag 4 juni \ud83d\udd55 Tid: 18:00\u201319:00 \ud83c\udf10 Plats: Online via Zoom Zoom-tr\u00e4ffen passar dig som funderar p\u00e5 att s\u00f6ka till v\u00e5r grundl\u00e4ggande psykoterapiutbildning i KBT (steg 1) eller n\u00e5gon av v\u00e5ra f\u00f6rdjupningskurser inom KBT och ACT. Varmt v\u00e4lkommen \u2013 vi ser fram emot att ses online! \ud83d\udc49 Anm\u00e4l dig kostnadsfritt [&hellip;]<\/p>\n","protected":false},"author":3,"featured_media":0,"parent":0,"menu_order":0,"comment_status":"closed","ping_status":"closed","template":"","meta":{"footnotes":""},"class_list":["post-1959","page","type-page","status-publish","hentry"],"yoast_head":"<!-- This site is optimized with the Yoast SEO plugin v27.1.1 - https:\/\/yoast.com\/product\/yoast-seo-wordpress\/ -->\n<title>Anm\u00e4lan \u00f6ppet hus - SIEP Institute - Kontakta oss<\/title>\n<meta name=\"description\" content=\"V\u00e4lkommen p\u00e5 \u00d6ppet Hus! F\u00f6r dig som \u00e4r nyfiken p\u00e5 att veta mer om v\u00e5ra utbildningar.\" \/>\n<meta name=\"robots\" content=\"index, follow, max-snippet:-1, max-image-preview:large, max-video-preview:-1\" \/>\n<link rel=\"canonical\" href=\"https:\/\/siepinstitute.com\/us\/anmalan-oppet-hus\/\" \/>\n<meta property=\"og:locale\" content=\"en_US\" \/>\n<meta property=\"og:type\" content=\"article\" \/>\n<meta property=\"og:title\" content=\"Anm\u00e4lan \u00f6ppet hus - SIEP Institute - Kontakta oss\" \/>\n<meta property=\"og:description\" content=\"V\u00e4lkommen p\u00e5 \u00d6ppet Hus! F\u00f6r dig som \u00e4r nyfiken p\u00e5 att veta mer om v\u00e5ra utbildningar.\" \/>\n<meta property=\"og:url\" content=\"https:\/\/siepinstitute.com\/us\/anmalan-oppet-hus\/\" \/>\n<meta property=\"og:site_name\" content=\"SIEP Institute\" \/>\n<meta property=\"article:modified_time\" content=\"2025-05-20T15:11:36+00:00\" \/>\n<meta name=\"twitter:card\" content=\"summary_large_image\" \/>\n<meta name=\"twitter:label1\" content=\"Est. reading time\" \/>\n\t<meta name=\"twitter:data1\" content=\"1 minute\" \/>\n<script type=\"application\/ld+json\" class=\"yoast-schema-graph\">{\"@context\":\"https:\/\/schema.org\",\"@graph\":[{\"@type\":\"WebPage\",\"@id\":\"https:\/\/siepinstitute.com\/anmalan-oppet-hus\/\",\"url\":\"https:\/\/siepinstitute.com\/anmalan-oppet-hus\/\",\"name\":\"Anm\u00e4lan \u00f6ppet hus - SIEP Institute - Kontakta oss\",\"isPartOf\":{\"@id\":\"https:\/\/siepinstitute.com\/#website\"},\"datePublished\":\"2025-04-10T08:52:06+00:00\",\"dateModified\":\"2025-05-20T15:11:36+00:00\",\"description\":\"V\u00e4lkommen p\u00e5 \u00d6ppet Hus! F\u00f6r dig som \u00e4r nyfiken p\u00e5 att veta mer om v\u00e5ra utbildningar.\",\"breadcrumb\":{\"@id\":\"https:\/\/siepinstitute.com\/anmalan-oppet-hus\/#breadcrumb\"},\"inLanguage\":\"en-US\",\"potentialAction\":[{\"@type\":\"ReadAction\",\"target\":[\"https:\/\/siepinstitute.com\/anmalan-oppet-hus\/\"]}]},{\"@type\":\"BreadcrumbList\",\"@id\":\"https:\/\/siepinstitute.com\/anmalan-oppet-hus\/#breadcrumb\",\"itemListElement\":[{\"@type\":\"ListItem\",\"position\":1,\"name\":\"Hem\",\"item\":\"https:\/\/siepinstitute.com\/\"},{\"@type\":\"ListItem\",\"position\":2,\"name\":\"Anm\u00e4lan \u00f6ppet hus\"}]},{\"@type\":\"WebSite\",\"@id\":\"https:\/\/siepinstitute.com\/#website\",\"url\":\"https:\/\/siepinstitute.com\/\",\"name\":\"SIEP Institute\",\"description\":\"Skandinaviska institutet f\u00f6r evidensbaserad psykologi\",\"publisher\":{\"@id\":\"https:\/\/siepinstitute.com\/#organization\"},\"potentialAction\":[{\"@type\":\"SearchAction\",\"target\":{\"@type\":\"EntryPoint\",\"urlTemplate\":\"https:\/\/siepinstitute.com\/?s={search_term_string}\"},\"query-input\":{\"@type\":\"PropertyValueSpecification\",\"valueRequired\":true,\"valueName\":\"search_term_string\"}}],\"inLanguage\":\"en-US\"},{\"@type\":\"Organization\",\"@id\":\"https:\/\/siepinstitute.com\/#organization\",\"name\":\"SIEP Institute\",\"url\":\"https:\/\/siepinstitute.com\/\",\"logo\":{\"@type\":\"ImageObject\",\"inLanguage\":\"en-US\",\"@id\":\"https:\/\/siepinstitute.com\/#\/schema\/logo\/image\/\",\"url\":\"https:\/\/siepinstitute.com\/wp-content\/uploads\/2022\/05\/SIEP.png\",\"contentUrl\":\"https:\/\/siepinstitute.com\/wp-content\/uploads\/2022\/05\/SIEP.png\",\"width\":3600,\"height\":2700,\"caption\":\"SIEP Institute\"},\"image\":{\"@id\":\"https:\/\/siepinstitute.com\/#\/schema\/logo\/image\/\"}}]}<\/script>\n<!-- \/ Yoast SEO plugin. -->","yoast_head_json":{"title":"Anm\u00e4lan \u00f6ppet hus - SIEP Institute - Kontakta oss","description":"V\u00e4lkommen p\u00e5 \u00d6ppet Hus! F\u00f6r dig som \u00e4r nyfiken p\u00e5 att veta mer om v\u00e5ra utbildningar.","robots":{"index":"index","follow":"follow","max-snippet":"max-snippet:-1","max-image-preview":"max-image-preview:large","max-video-preview":"max-video-preview:-1"},"canonical":"https:\/\/siepinstitute.com\/us\/anmalan-oppet-hus\/","og_locale":"en_US","og_type":"article","og_title":"Anm\u00e4lan \u00f6ppet hus - SIEP Institute - Kontakta oss","og_description":"V\u00e4lkommen p\u00e5 \u00d6ppet Hus! F\u00f6r dig som \u00e4r nyfiken p\u00e5 att veta mer om v\u00e5ra utbildningar.","og_url":"https:\/\/siepinstitute.com\/us\/anmalan-oppet-hus\/","og_site_name":"SIEP Institute","article_modified_time":"2025-05-20T15:11:36+00:00","twitter_card":"summary_large_image","twitter_misc":{"Est. reading time":"1 minute"},"schema":{"@context":"https:\/\/schema.org","@graph":[{"@type":"WebPage","@id":"https:\/\/siepinstitute.com\/anmalan-oppet-hus\/","url":"https:\/\/siepinstitute.com\/anmalan-oppet-hus\/","name":"Anm\u00e4lan \u00f6ppet hus - SIEP Institute - Kontakta oss","isPartOf":{"@id":"https:\/\/siepinstitute.com\/#website"},"datePublished":"2025-04-10T08:52:06+00:00","dateModified":"2025-05-20T15:11:36+00:00","description":"V\u00e4lkommen p\u00e5 \u00d6ppet Hus! F\u00f6r dig som \u00e4r nyfiken p\u00e5 att veta mer om v\u00e5ra utbildningar.","breadcrumb":{"@id":"https:\/\/siepinstitute.com\/anmalan-oppet-hus\/#breadcrumb"},"inLanguage":"en-US","potentialAction":[{"@type":"ReadAction","target":["https:\/\/siepinstitute.com\/anmalan-oppet-hus\/"]}]},{"@type":"BreadcrumbList","@id":"https:\/\/siepinstitute.com\/anmalan-oppet-hus\/#breadcrumb","itemListElement":[{"@type":"ListItem","position":1,"name":"Hem","item":"https:\/\/siepinstitute.com\/"},{"@type":"ListItem","position":2,"name":"Anm\u00e4lan \u00f6ppet hus"}]},{"@type":"WebSite","@id":"https:\/\/siepinstitute.com\/#website","url":"https:\/\/siepinstitute.com\/","name":"SIEP Institute","description":"Skandinaviska institutet f\u00f6r evidensbaserad psykologi","publisher":{"@id":"https:\/\/siepinstitute.com\/#organization"},"potentialAction":[{"@type":"SearchAction","target":{"@type":"EntryPoint","urlTemplate":"https:\/\/siepinstitute.com\/?s={search_term_string}"},"query-input":{"@type":"PropertyValueSpecification","valueRequired":true,"valueName":"search_term_string"}}],"inLanguage":"en-US"},{"@type":"Organization","@id":"https:\/\/siepinstitute.com\/#organization","name":"SIEP Institute","url":"https:\/\/siepinstitute.com\/","logo":{"@type":"ImageObject","inLanguage":"en-US","@id":"https:\/\/siepinstitute.com\/#\/schema\/logo\/image\/","url":"https:\/\/siepinstitute.com\/wp-content\/uploads\/2022\/05\/SIEP.png","contentUrl":"https:\/\/siepinstitute.com\/wp-content\/uploads\/2022\/05\/SIEP.png","width":3600,"height":2700,"caption":"SIEP Institute"},"image":{"@id":"https:\/\/siepinstitute.com\/#\/schema\/logo\/image\/"}}]}},"_links":{"self":[{"href":"https:\/\/siepinstitute.com\/us\/wp-json\/wp\/v2\/pages\/1959","targetHints":{"allow":["GET"]}}],"collection":[{"href":"https:\/\/siepinstitute.com\/us\/wp-json\/wp\/v2\/pages"}],"about":[{"href":"https:\/\/siepinstitute.com\/us\/wp-json\/wp\/v2\/types\/page"}],"author":[{"embeddable":true,"href":"https:\/\/siepinstitute.com\/us\/wp-json\/wp\/v2\/users\/3"}],"replies":[{"embeddable":true,"href":"https:\/\/siepinstitute.com\/us\/wp-json\/wp\/v2\/comments?post=1959"}],"version-history":[{"count":46,"href":"https:\/\/siepinstitute.com\/us\/wp-json\/wp\/v2\/pages\/1959\/revisions"}],"predecessor-version":[{"id":2015,"href":"https:\/\/siepinstitute.com\/us\/wp-json\/wp\/v2\/pages\/1959\/revisions\/2015"}],"wp:attachment":[{"href":"https:\/\/siepinstitute.com\/us\/wp-json\/wp\/v2\/media?parent=1959"}],"curies":[{"name":"wp","href":"https:\/\/api.w.org\/{rel}","templated":true}]}}