{"id":3,"date":"2022-05-13T11:54:51","date_gmt":"2022-05-13T09:54:51","guid":{"rendered":"http:\/\/www4.siepinstitute.com\/?page_id=3"},"modified":"2022-09-27T20:12:25","modified_gmt":"2022-09-27T18:12:25","slug":"integritetspolicy","status":"publish","type":"page","link":"https:\/\/siepinstitute.com\/us\/integritetspolicy\/","title":{"rendered":"Integritetspolicy &#038; GDPR"},"content":{"rendered":"<h2 class=\"wp-block-heading\">Vilka vi \u00e4r<\/h2>\n\n\n\n<p><strong>Skandinaviska Institutet f\u00f6r Evidensbaserad Psykologi AB<\/strong><br><br><strong>Postadress:<\/strong>  Friggv\u00e4gen 5 A, 132 48 Saltsj\u00f6 Boo<br><strong>Organisationsnummer<\/strong>:&nbsp;559178-2304<br><strong>Email: <\/strong>info@siepinstitute.com<br><strong>Telefon:<\/strong> +46 8 557 699 30<br><strong>Webbadress:<\/strong>  https:\/\/www.siepinstitute.com<\/p>\n\n\n\n<h2 class=\"wp-block-heading\">Personuppgifter via inl\u00e4mnade av dig<\/h2>\n\n\n\n<h3 class=\"wp-block-heading\">Personuppgifter via anm\u00e4lan till utbildningar vi internet<\/h3>\n\n\n\n<p><strong>Syfte<\/strong><br>Att bed\u00f6ma ans\u00f6kningar och leverera tj\u00e4nst\/produkt<\/p>\n\n\n\n<p><strong>Kategori av personuppgifter<\/strong><br>Kontaktuppgifter, namn, adress, mailadress, telefonnummer, text relaterat till beskrivning av arbetsbakgrund och tidigare studier, val av faktura eller delbetalning.&nbsp;<\/p>\n\n\n\n<p><strong>Kategorier av registrerade<\/strong><br>Kursdeltagare<\/p>\n\n\n\n<p><strong>Typ av behandling<\/strong><br>Registrering<\/p>\n\n\n\n<p><strong>Geografisk placering av behandling<\/strong><br>Server via&nbsp;<a href=\"http:\/\/one.com\">one.com<\/a><\/p>\n\n\n\n<p><strong>R\u00e4ttslig grund<\/strong><br>Avtal<\/p>\n\n\n\n<p><strong>Lagringstid<\/strong><br>Avtalstiden. D\u00e4refter best\u00e4mmer kunden om persondata relaterat till utbildningen ska raderas eller sparas hos bolaget utifr\u00e5n syftet att bolaget ska ha m\u00f6jlighet att svara p\u00e5 fr\u00e5gor fr\u00e5n deltagaren i framtiden och kunna erbjuda m\u00f6jlighet att ers\u00e4tta f\u00f6rlorat kursintyg. I samband med detta f\u00e5r deltagaren \u00e4ven fr\u00e5gan om man vill vara kvar i bolagets databas med namn och mailadress f\u00f6r kommande nyhetsutskick. Om deltagaren v\u00e4ljer att st\u00e5 kvar s\u00e5 kan deltagaren n\u00e4rsomhelst avbryta denna service och be om att f\u00e5 sina personuppgifter raderade ut bolagets databaser.<\/p>\n\n\n\n<h3 class=\"wp-block-heading\">Personuppgifter Anm\u00e4lan till utbildningar via brev<\/h3>\n\n\n\n<p><strong>Syfte<\/strong><br>Att bed\u00f6ma ans\u00f6kningar och leverera tj\u00e4nst\/produkt<\/p>\n\n\n\n<p><strong>Bearbetning<\/strong><br>Ans\u00f6kningar som skickas till bolaget scannas och hanteras d\u00e4refter p\u00e5 samma s\u00e4tt som anm\u00e4lningar via internet.&nbsp;<\/p>\n\n\n\n<p><strong>Lagringstid<\/strong><br>D\u00e4refter lagras pappersdokumentet under avtalstid vilket varierar mellan olika utbildningar. D\u00e4refter f\u00f6rst\u00f6rs pappersdokumentet.<\/p>\n\n\n\n<h3 class=\"wp-block-heading\">Personuppgifter Studieresultat, kursintyg<\/h3>\n\n\n\n<p><strong>Syfte<\/strong><br>F\u00f6r fr\u00e5gor som tidigare deltagare kan ha kring sina studieresultat eller intyg<\/p>\n\n\n\n<p><strong>Kategori av personuppgifter<\/strong><br>Kontaktuppgifter, namn, adress, mailadress, telefonnummer,studieresultat godk\u00e4nd eller ej godk\u00e4nd.<\/p>\n\n\n\n<p><strong>Kategorier av registrerade<\/strong><br>Kursdeltagare<\/p>\n\n\n\n<p><strong>Typ av behandling<\/strong><br>Registrering<\/p>\n\n\n\n<p><strong>Kategorier av registrerade<\/strong><br>Kursdeltagare<\/p>\n\n\n\n<p><strong>Geografisk placering av behandling<\/strong><br>Lokalt p\u00e5 h\u00e5rddisk<\/p>\n\n\n\n<p><strong>R\u00e4ttslig grund<\/strong><br>Avtal<\/p>\n\n\n\n<p><strong>Lagringstid<\/strong><br>7 \u00e5r<\/p>\n\n\n\n<h3 class=\"wp-block-heading\">Personuppgifter<strong>&nbsp;<\/strong>Leverant\u00f6rsreskontra<\/h3>\n\n\n\n<p><strong>Syfte<\/strong><br>K\u00f6p av tj\u00e4nst eller produkt<\/p>\n\n\n\n<p><strong>Kategori av personuppgifter<\/strong><br>Faktureringsuppgifter<\/p>\n\n\n\n<p><strong>Kategorier av registrerade<\/strong><br>Leverant\u00f6rer<\/p>\n\n\n\n<p><strong>Typ av behandling<\/strong><br>Registrering, bokf\u00f6ring<\/p>\n\n\n\n<p><strong>Kategor<\/strong>i<br>Faktureringsuppgifter<\/p>\n\n\n\n<p><strong>Geografisk placering av behandling<\/strong><br>Server hos Billogram AB i Sverige&nbsp;<\/p>\n\n\n\n<p><strong>R\u00e4ttslig grund<\/strong><br>R\u00e4ttslig f\u00f6rpliktelse<\/p>\n\n\n\n<p><strong>Lagringstid<\/strong><br>7 \u00e5r<\/p>\n\n\n\n<h3 class=\"wp-block-heading\">Personuppgifter Kundfakturor<\/h3>\n\n\n\n<p><strong>Syfte<\/strong><br>K\u00f6p av tj\u00e4nst eller produkt<\/p>\n\n\n\n<p><strong>Kategori av personuppgifter<\/strong><br>Faktureringsuppgifter<\/p>\n\n\n\n<p><strong>Kategorier av registrerade<\/strong><br>Kunder, kursdeltagare<\/p>\n\n\n\n<p><strong>Typ av behandling<\/strong><br>Registrering, bokf\u00f6ring<\/p>\n\n\n\n<p><strong>Geografisk placering av behandling<\/strong><br>Server hos Billogram AB i Sverige&nbsp;<\/p>\n\n\n\n<p><strong>R\u00e4ttslig grund<\/strong><br>R\u00e4ttslig f\u00f6rpliktelse<\/p>\n\n\n\n<p><strong>Lagringstid<\/strong><br>7 \u00e5r<\/p>\n\n\n\n<h3 class=\"wp-block-heading\">Personuppgifter Kontakt via telefon<\/h3>\n\n\n\n<p><strong>Syfte<\/strong><br>Fr\u00e5gor och information kring utbildningar, avbest\u00e4llningar, support<\/p>\n\n\n\n<p><strong>Kategori av personuppgifter<\/strong><br>Kontaktuppgifter<\/p>\n\n\n\n<p><strong>Kategorier av registrerade:&nbsp;<\/strong><\/p>\n\n\n\n<p><strong>Kontaktuppgifter<\/strong><br>Alla kategorier<\/p>\n\n\n\n<p><strong>Geografisk placering av behandling<\/strong><br>Lokal h\u00e5rddisk<\/p>\n\n\n\n<p><strong>R\u00e4ttslig grund<\/strong><br>Intresseavv\u00e4gning, avtal<\/p>\n\n\n\n<p><strong>Lagringstid<\/strong><br>Avtalstiden<\/p>\n\n\n\n<h3 class=\"wp-block-heading\">Personuppgifter Lagring av data i utbildningsportalen&nbsp;<\/h3>\n\n\n\n<p><strong>Syfte<\/strong><br>F\u00f6r att deltagare ska kunna genomf\u00f6ra utbildningar p\u00e5 distans<\/p>\n\n\n\n<p><strong>Kategori av personuppgifter<\/strong><br>Kontaktuppgifter, namn och mailadress<\/p>\n\n\n\n<p><strong>Kategorier av registrerade<\/strong><br>Kursdeltagare<\/p>\n\n\n\n<p><strong>Geografisk placering av behandling<\/strong><br>Server hos Grade AB Luvit i Sverige<\/p>\n\n\n\n<p><strong>R\u00e4ttslig grund<\/strong><br>Avtal<\/p>\n\n\n\n<p><strong>Lagringstid<\/strong><br>Avtalstiden<\/p>\n\n\n\n<h3 class=\"wp-block-heading\">Personuppgifter Lagring av studieresultat i kurser<\/h3>\n\n\n\n<p><strong>Syfte<\/strong><br>Att i framtida situationer kunna erbjuda m\u00f6jlighet att \u00e5terskapa f\u00f6rlorade kursintyg. Att i framtida situationer kunna svara p\u00e5 deltagarnas fr\u00e5gor kring sin utbildning.<\/p>\n\n\n\n<p><strong>Kategori av personuppgifter<\/strong><br>Kontaktuppgifter, namn och mailadress och studieresultat godk\u00e4nd eller ej godk\u00e4nd<\/p>\n\n\n\n<p><strong>Kategorier av registrerade<\/strong><br>Kursdeltagare<\/p>\n\n\n\n<p><strong>Geografisk placering av behandling<\/strong><br>Lokal p\u00e5 h\u00e5rddisk<\/p>\n\n\n\n<p><strong>R\u00e4ttslig grund<\/strong><br>Avtal<\/p>\n\n\n\n<p><strong>Lagringstid<\/strong><br>7 \u00e5r&nbsp;<\/p>\n\n\n\n<h3 class=\"wp-block-heading\">Personuppgifter Lagring av data i molnet<\/h3>\n\n\n\n<p><strong>Syfte<\/strong><br>Personuppgiftsansvarige ansvarar f\u00f6r data i molntj\u00e4nster<\/p>\n\n\n\n<p><strong>Kategori av personuppgifter<\/strong><br>Alla kategorier av personuppgifter<\/p>\n\n\n\n<p><strong>Kategorier av registrerade<\/strong><br>Kursdeltagare, intresseanm\u00e4lningar<\/p>\n\n\n\n<p><strong>Geografisk placering av behandling<\/strong><br>Server hos Dropbox i USA<\/p>\n\n\n\n<p><strong>R\u00e4ttslig grund<\/strong><br>Avtal<\/p>\n\n\n\n<p><strong>Specifika s\u00e4kerhetskrav<\/strong><br>Filer delas upp i skilda block och krypteras med stark chiffer. S\u00e4kerhetstestning fr\u00e5n HackerOne. Dropbox \u00e4r certifierad inom ramverket EU-USA Privacy Shiels. Starka unika l\u00f6senord. Tv\u00e5stegsverifiering. Regelbunden \u00f6vervakning av kopplade enheter, aktiva websessioner.<\/p>\n\n\n\n<p><strong>Lagringstid&nbsp;<\/strong><br>Avtalstid<\/p>\n\n\n\n<p><strong>Personuppgifter<\/strong><br>Backup av lagrad data lokalt<\/p>\n\n\n\n<p><strong>Syfte<\/strong><br>F\u00f6r att vid driftstopp eller avbrott ha m\u00f6jlighet att snabbt kunna \u00e5terst\u00e4lla data<\/p>\n\n\n\n<p><strong>Kategori av personuppgifter<\/strong><br>Alla kategorier av personuppgifter<\/p>\n\n\n\n<p><strong>Kategorier av registrerade<\/strong><br>Kursdeltagare, intresseanm\u00e4lningar, studieresultat<\/p>\n\n\n\n<p><strong>Geografisk placering av behandling<\/strong><br>Lokal extern h\u00e5rddisk<\/p>\n\n\n\n<p><strong>R\u00e4ttslig grund<\/strong><br>Avtal<\/p>\n\n\n\n<p><strong>Lagringstid<\/strong><br>12 m\u00e5nader efter avtalets slut<\/p>\n\n\n\n<h3 class=\"wp-block-heading\">Personuppgifter Backup av data i molnet<\/h3>\n\n\n\n<p><strong>Syfte:&nbsp;<\/strong>Personuppgiftsansvarige ansvarar f\u00f6r data i molntj\u00e4nster<\/p>\n\n\n\n<p><strong>Kategori av personuppgifter:&nbsp;<\/strong>Alla kategorier av personuppgifter<\/p>\n\n\n\n<p><strong>Kategorier av registrerade:&nbsp;<\/strong>Kursdeltagare, intresseanm\u00e4lningar<\/p>\n\n\n\n<p><strong>Geografisk placering av behandling:&nbsp;<\/strong>Server hos Dropbox i USA<\/p>\n\n\n\n<p><strong>R\u00e4ttslig grund:&nbsp;<\/strong>Avtal<\/p>\n\n\n\n<p><strong>Specifika s\u00e4kerhetskrav:&nbsp;<\/strong>Filer delas upp i skilda block och krypteras med stark chiffer. S\u00e4kerhetstestning fr\u00e5n HackerOne. Dropbox \u00e4r certifierad inom ramverket EU-USA Privacy Shiels. Starka unika l\u00f6senord. Tv\u00e5stegsverifiering. Regelbunden \u00f6vervakning av kopplade enheter, aktiva websessioner.<\/p>\n\n\n\n<p><strong>Lagringstid<\/strong><br>Avtalstid<\/p>\n\n\n\n<h3 class=\"wp-block-heading\">Personuppgifter i marknadsf\u00f6ringssyfte<\/h3>\n\n\n\n<h3 class=\"wp-block-heading\">Personuppgifter Kontakt via mail, sociala medier<\/h3>\n\n\n\n<p><strong>Syfte<\/strong><br>Underlag samt fullg\u00f6rande f\u00f6r \u00e5derkontakt, avtal<\/p>\n\n\n\n<p><strong>Kategori av personuppgifter<\/strong><br>Kontaktuppgifter<\/p>\n\n\n\n<p><strong>Kategorier av registrerade<\/strong><br>Alla kategorier<\/p>\n\n\n\n<p><strong>R\u00e4ttslig grund<\/strong><br>Intresseavv\u00e4gning, avtal<\/p>\n\n\n\n<p><strong>Geografisk placering av behandling<\/strong><br>Server via Loopia AB i Sverige. Server via Google. Server via Facebook.<\/p>\n\n\n\n<p><strong>Lagringstid<\/strong><br>5 &nbsp;\u00e5r<\/p>\n\n\n\n<h3 class=\"wp-block-heading\">Personuppgifter Anm\u00e4lan f\u00f6r nyhetsbrev<\/h3>\n\n\n\n<p><strong>Syfte:&nbsp;<\/strong>Marknadsf\u00f6ring<\/p>\n\n\n\n<p><strong>Kategori av personuppgifter:&nbsp;<\/strong>e-postadress<\/p>\n\n\n\n<p><strong>Kategorier av registrerade:&nbsp;<\/strong>Kunder<\/p>\n\n\n\n<p><strong>R\u00e4ttslig grund:&nbsp;<\/strong>Samtycke, avtal<\/p>\n\n\n\n<p><strong>Geografisk placering av behandling:&nbsp;<\/strong>Server hos Loopia AB i Sverige.<\/p>\n\n\n\n<p><strong>Lagringstid:&nbsp;<\/strong>Under avtalstid + 1 m\u00e5nad<\/p>\n\n\n\n<p><strong>Personuppgifter:&nbsp;<\/strong>Intresseanm\u00e4lningar via annonstj\u00e4nster online<\/p>\n\n\n\n<p><strong>Syfte:&nbsp;<\/strong>Information om bolagets tj\u00e4nster<\/p>\n\n\n\n<p><strong>Kategori av personuppgifter:&nbsp;<\/strong>Namn, adress, telefonnummer, mailadress, telefon. k\u00f6n, \u00f6nskad studieort<\/p>\n\n\n\n<p><strong>Kategorier av registrerade:&nbsp;<\/strong>Kontaktuppgifter<\/p>\n\n\n\n<p><strong>R\u00e4ttslig grund:&nbsp;<\/strong>Intresseavv\u00e4gning, avtal<\/p>\n\n\n\n<p><strong>Geografisk placering av behandling: &nbsp;<\/strong>Server hos EMG-Education Media Group AB i Sverige&nbsp;<\/p>\n\n\n\n<p><strong>Lagringstid:\u00a0<\/strong>3 \u00e5r<\/p>\n\n\n\n<h2 class=\"wp-block-heading\">Insamling av data i kontaktformul\u00e4r<\/h2>\n\n\n\n<p>Vi samlar in uppgifter via kontaktformul\u00e4r. Bland annat f\u00f6r att anm\u00e4la sig till kurser, skicka f\u00f6rfr\u00e5gningar om v\u00e5ra utbildningar och kurser och till kursanm\u00e4lningar. Vi har \u00e4ven kontaktformul\u00e4r f\u00f6r att anm\u00e4la sig till en ledig tj\u00e4nst hos oss. Informationen du ger ifr\u00e5n dig kan inkludera allting fr\u00e5n namn, adress, e-post, telefonnummer, \u00e5lder, f\u00f6delsedatum och information om din arbetsgivare, din roll och vilken typ av intresse du har f\u00f6r v\u00e5ra utbildningar och kurser.<\/p>\n\n\n\n<h3 class=\"wp-block-heading\">Denna information anv\u00e4nder vi f\u00f6r att<\/h3>\n\n\n\n<ul class=\"wp-block-list\"><li>Ge dig korrekt information om utbildningarna du efterfr\u00e5gar<\/li><li>F\u00f6rse dig med information om liknande utbildningar och kurser (ifall du inte bett oss att inte tillhandah\u00e5lla dig s\u00e5dan information)<\/li><li>Anpassa din upplevelse p\u00e5 v\u00e5r webbsida och se till att den visas p\u00e5 det mest effektiva s\u00e4ttet f\u00f6r dig och p\u00e5 din enhet<\/li><\/ul>\n\n\n\n<p><\/p>\n\n\n\n<p>Ta i beaktande att all data\u00f6verf\u00f6ring via internet, t.ex. via e-post utg\u00f6r en s\u00e4kerhetsrisk. D\u00e4rf\u00f6r kan vi inte garantera ett komplett skydd mot tredjeparts\u00e5tkomst till \u00f6verf\u00f6rda uppgifter.<\/p>\n\n\n\n<p>Du kan n\u00e4r som helst s\u00e4ga upp marknadsf\u00f6ringskommunikation direkt fr\u00e5n oss genom att avanm\u00e4la via internet, ringa eller e-posta kundtj\u00e4nst. Observera att du kan f\u00e5 administrativa meddelanden, som orderbekr\u00e4ftelser och andra viktiga meddelanden, \u00e4ven om du s\u00e4ger upp marknadsf\u00f6ringsmeddelanden. Om du inte vill ha marknadsf\u00f6ring fr\u00e5n oss via sociala n\u00e4tverk (som t.ex. Facebook, Instagram och Google) justerar du detta i respektive n\u00e4tverk.<\/p>\n\n\n\n<h2 class=\"wp-block-heading\">Logginformation<\/h2>\n\n\n\n<p>Vi samlar in standardiserad logginformation f\u00f6r internet och detaljer om bes\u00f6karens beteendem\u00f6nster som t.ex:<\/p>\n\n\n\n<ul class=\"wp-block-list\"><li>datum och tid f\u00f6r bes\u00f6ket<\/li><li>typ av och version p\u00e5 webbl\u00e4sare<\/li><li>operativsystem<\/li><li>den fullst\u00e4ndiga URL-klickstr\u00f6mmen till, genom och fr\u00e5n v\u00e5r hemsida (bland annat sidor du har bes\u00f6kt p\u00e5 v\u00e5r sida, h\u00e4mtningsfel, l\u00e4ngd p\u00e5 bes\u00f6k, sidengagemang)<\/li><li>inst\u00e4llningen f\u00f6r tidszon<\/li><li>webbl\u00e4sartill\u00e4gg och version f\u00f6r systemadminsitration.<\/li><\/ul>\n\n\n\n<p>Med hj\u00e4lp av dessa anonyma data kan vi vidareutveckla och f\u00f6rb\u00e4ttra v\u00e5r hemsida och upplevelsen f\u00f6r v\u00e5ra bes\u00f6kare. Vi kommer inte f\u00f6rs\u00f6ka ta reda p\u00e5 din identitet eller para ihop data p\u00e5 ett s\u00e4tt med personlig identifierbar information fr\u00e5n annan k\u00e4lla f\u00f6r att identifiera dig.<\/p>\n\n\n\n<p><\/p>\n\n\n\n<figure class=\"wp-block-image size-large is-resized\"><img fetchpriority=\"high\" decoding=\"async\" src=\"https:\/\/siepinstitute.com\/wp-content\/uploads\/2022\/05\/SIEP-1024x768.png\" alt=\"SIEP\" class=\"wp-image-43\" width=\"430\" height=\"323\" srcset=\"https:\/\/siepinstitute.com\/wp-content\/uploads\/2022\/05\/SIEP-1024x768.png 1024w, https:\/\/siepinstitute.com\/wp-content\/uploads\/2022\/05\/SIEP-300x225.png 300w, https:\/\/siepinstitute.com\/wp-content\/uploads\/2022\/05\/SIEP-768x576.png 768w, https:\/\/siepinstitute.com\/wp-content\/uploads\/2022\/05\/SIEP-1536x1152.png 1536w, https:\/\/siepinstitute.com\/wp-content\/uploads\/2022\/05\/SIEP-2048x1536.png 2048w, https:\/\/siepinstitute.com\/wp-content\/uploads\/2022\/05\/SIEP-1568x1176.png 1568w\" sizes=\"(max-width: 430px) 100vw, 430px\" \/><\/figure>","protected":false},"excerpt":{"rendered":"<p>Vilka vi \u00e4r Skandinaviska Institutet f\u00f6r Evidensbaserad Psykologi AB Postadress: Friggv\u00e4gen 5 A, 132 48 Saltsj\u00f6 BooOrganisationsnummer:&nbsp;559178-2304Email: info@siepinstitute.comTelefon: +46 8 557 699 30Webbadress: https:\/\/www.siepinstitute.com Personuppgifter via inl\u00e4mnade av dig Personuppgifter via anm\u00e4lan till utbildningar vi internet SyfteAtt bed\u00f6ma ans\u00f6kningar och leverera tj\u00e4nst\/produkt Kategori av personuppgifterKontaktuppgifter, namn, adress, mailadress, telefonnummer, text relaterat till beskrivning av arbetsbakgrund [&hellip;]<\/p>\n","protected":false},"author":1,"featured_media":0,"parent":0,"menu_order":0,"comment_status":"closed","ping_status":"open","template":"","meta":{"footnotes":""},"class_list":["post-3","page","type-page","status-publish","hentry"],"yoast_head":"<!-- This site is optimized with the Yoast SEO plugin v27.1.1 - https:\/\/yoast.com\/product\/yoast-seo-wordpress\/ -->\n<title>Integritetspolicy &amp; GDPR - SIEP Institute<\/title>\n<meta name=\"robots\" content=\"index, follow, max-snippet:-1, max-image-preview:large, max-video-preview:-1\" \/>\n<link rel=\"canonical\" href=\"https:\/\/siepinstitute.com\/us\/integritetspolicy\/\" \/>\n<meta property=\"og:locale\" content=\"en_US\" \/>\n<meta property=\"og:type\" content=\"article\" \/>\n<meta property=\"og:title\" content=\"Integritetspolicy &amp; GDPR - SIEP Institute\" \/>\n<meta property=\"og:description\" content=\"Vilka vi \u00e4r Skandinaviska Institutet f\u00f6r Evidensbaserad Psykologi AB Postadress: Friggv\u00e4gen 5 A, 132 48 Saltsj\u00f6 BooOrganisationsnummer:&nbsp;559178-2304Email: info@siepinstitute.comTelefon: +46 8 557 699 30Webbadress: https:\/\/www.siepinstitute.com Personuppgifter via inl\u00e4mnade av dig Personuppgifter via anm\u00e4lan till utbildningar vi internet SyfteAtt bed\u00f6ma ans\u00f6kningar och leverera tj\u00e4nst\/produkt Kategori av personuppgifterKontaktuppgifter, namn, adress, mailadress, telefonnummer, text relaterat till beskrivning av arbetsbakgrund [&hellip;]\" \/>\n<meta property=\"og:url\" content=\"https:\/\/siepinstitute.com\/us\/integritetspolicy\/\" \/>\n<meta property=\"og:site_name\" content=\"SIEP Institute\" \/>\n<meta property=\"article:modified_time\" content=\"2022-09-27T18:12:25+00:00\" \/>\n<meta property=\"og:image\" content=\"https:\/\/siepinstitute.com\/wp-content\/uploads\/2022\/05\/SIEP-1024x768.png\" \/>\n<meta name=\"twitter:card\" content=\"summary_large_image\" \/>\n<meta name=\"twitter:label1\" content=\"Est. reading time\" \/>\n\t<meta name=\"twitter:data1\" content=\"6 minutes\" \/>\n<script type=\"application\/ld+json\" class=\"yoast-schema-graph\">{\"@context\":\"https:\/\/schema.org\",\"@graph\":[{\"@type\":\"WebPage\",\"@id\":\"https:\/\/siepinstitute.com\/integritetspolicy\/\",\"url\":\"https:\/\/siepinstitute.com\/integritetspolicy\/\",\"name\":\"Integritetspolicy & GDPR - SIEP Institute\",\"isPartOf\":{\"@id\":\"https:\/\/siepinstitute.com\/#website\"},\"primaryImageOfPage\":{\"@id\":\"https:\/\/siepinstitute.com\/integritetspolicy\/#primaryimage\"},\"image\":{\"@id\":\"https:\/\/siepinstitute.com\/integritetspolicy\/#primaryimage\"},\"thumbnailUrl\":\"https:\/\/siepinstitute.com\/wp-content\/uploads\/2022\/05\/SIEP-1024x768.png\",\"datePublished\":\"2022-05-13T09:54:51+00:00\",\"dateModified\":\"2022-09-27T18:12:25+00:00\",\"breadcrumb\":{\"@id\":\"https:\/\/siepinstitute.com\/integritetspolicy\/#breadcrumb\"},\"inLanguage\":\"en-US\",\"potentialAction\":[{\"@type\":\"ReadAction\",\"target\":[\"https:\/\/siepinstitute.com\/integritetspolicy\/\"]}]},{\"@type\":\"ImageObject\",\"inLanguage\":\"en-US\",\"@id\":\"https:\/\/siepinstitute.com\/integritetspolicy\/#primaryimage\",\"url\":\"https:\/\/siepinstitute.com\/wp-content\/uploads\/2022\/05\/SIEP-1024x768.png\",\"contentUrl\":\"https:\/\/siepinstitute.com\/wp-content\/uploads\/2022\/05\/SIEP-1024x768.png\"},{\"@type\":\"BreadcrumbList\",\"@id\":\"https:\/\/siepinstitute.com\/integritetspolicy\/#breadcrumb\",\"itemListElement\":[{\"@type\":\"ListItem\",\"position\":1,\"name\":\"Hem\",\"item\":\"https:\/\/siepinstitute.com\/\"},{\"@type\":\"ListItem\",\"position\":2,\"name\":\"Integritetspolicy &#038; GDPR\"}]},{\"@type\":\"WebSite\",\"@id\":\"https:\/\/siepinstitute.com\/#website\",\"url\":\"https:\/\/siepinstitute.com\/\",\"name\":\"SIEP Institute\",\"description\":\"Skandinaviska institutet f\u00f6r evidensbaserad psykologi\",\"publisher\":{\"@id\":\"https:\/\/siepinstitute.com\/#organization\"},\"potentialAction\":[{\"@type\":\"SearchAction\",\"target\":{\"@type\":\"EntryPoint\",\"urlTemplate\":\"https:\/\/siepinstitute.com\/?s={search_term_string}\"},\"query-input\":{\"@type\":\"PropertyValueSpecification\",\"valueRequired\":true,\"valueName\":\"search_term_string\"}}],\"inLanguage\":\"en-US\"},{\"@type\":\"Organization\",\"@id\":\"https:\/\/siepinstitute.com\/#organization\",\"name\":\"SIEP Institute\",\"url\":\"https:\/\/siepinstitute.com\/\",\"logo\":{\"@type\":\"ImageObject\",\"inLanguage\":\"en-US\",\"@id\":\"https:\/\/siepinstitute.com\/#\/schema\/logo\/image\/\",\"url\":\"https:\/\/siepinstitute.com\/wp-content\/uploads\/2022\/05\/SIEP.png\",\"contentUrl\":\"https:\/\/siepinstitute.com\/wp-content\/uploads\/2022\/05\/SIEP.png\",\"width\":3600,\"height\":2700,\"caption\":\"SIEP Institute\"},\"image\":{\"@id\":\"https:\/\/siepinstitute.com\/#\/schema\/logo\/image\/\"}}]}<\/script>\n<!-- \/ Yoast SEO plugin. -->","yoast_head_json":{"title":"Integritetspolicy & GDPR - SIEP Institute","robots":{"index":"index","follow":"follow","max-snippet":"max-snippet:-1","max-image-preview":"max-image-preview:large","max-video-preview":"max-video-preview:-1"},"canonical":"https:\/\/siepinstitute.com\/us\/integritetspolicy\/","og_locale":"en_US","og_type":"article","og_title":"Integritetspolicy & GDPR - SIEP Institute","og_description":"Vilka vi \u00e4r Skandinaviska Institutet f\u00f6r Evidensbaserad Psykologi AB Postadress: Friggv\u00e4gen 5 A, 132 48 Saltsj\u00f6 BooOrganisationsnummer:&nbsp;559178-2304Email: info@siepinstitute.comTelefon: +46 8 557 699 30Webbadress: https:\/\/www.siepinstitute.com Personuppgifter via inl\u00e4mnade av dig Personuppgifter via anm\u00e4lan till utbildningar vi internet SyfteAtt bed\u00f6ma ans\u00f6kningar och leverera tj\u00e4nst\/produkt Kategori av personuppgifterKontaktuppgifter, namn, adress, mailadress, telefonnummer, text relaterat till beskrivning av arbetsbakgrund [&hellip;]","og_url":"https:\/\/siepinstitute.com\/us\/integritetspolicy\/","og_site_name":"SIEP Institute","article_modified_time":"2022-09-27T18:12:25+00:00","og_image":[{"url":"https:\/\/siepinstitute.com\/wp-content\/uploads\/2022\/05\/SIEP-1024x768.png","type":"","width":"","height":""}],"twitter_card":"summary_large_image","twitter_misc":{"Est. reading time":"6 minutes"},"schema":{"@context":"https:\/\/schema.org","@graph":[{"@type":"WebPage","@id":"https:\/\/siepinstitute.com\/integritetspolicy\/","url":"https:\/\/siepinstitute.com\/integritetspolicy\/","name":"Integritetspolicy & GDPR - SIEP Institute","isPartOf":{"@id":"https:\/\/siepinstitute.com\/#website"},"primaryImageOfPage":{"@id":"https:\/\/siepinstitute.com\/integritetspolicy\/#primaryimage"},"image":{"@id":"https:\/\/siepinstitute.com\/integritetspolicy\/#primaryimage"},"thumbnailUrl":"https:\/\/siepinstitute.com\/wp-content\/uploads\/2022\/05\/SIEP-1024x768.png","datePublished":"2022-05-13T09:54:51+00:00","dateModified":"2022-09-27T18:12:25+00:00","breadcrumb":{"@id":"https:\/\/siepinstitute.com\/integritetspolicy\/#breadcrumb"},"inLanguage":"en-US","potentialAction":[{"@type":"ReadAction","target":["https:\/\/siepinstitute.com\/integritetspolicy\/"]}]},{"@type":"ImageObject","inLanguage":"en-US","@id":"https:\/\/siepinstitute.com\/integritetspolicy\/#primaryimage","url":"https:\/\/siepinstitute.com\/wp-content\/uploads\/2022\/05\/SIEP-1024x768.png","contentUrl":"https:\/\/siepinstitute.com\/wp-content\/uploads\/2022\/05\/SIEP-1024x768.png"},{"@type":"BreadcrumbList","@id":"https:\/\/siepinstitute.com\/integritetspolicy\/#breadcrumb","itemListElement":[{"@type":"ListItem","position":1,"name":"Hem","item":"https:\/\/siepinstitute.com\/"},{"@type":"ListItem","position":2,"name":"Integritetspolicy &#038; GDPR"}]},{"@type":"WebSite","@id":"https:\/\/siepinstitute.com\/#website","url":"https:\/\/siepinstitute.com\/","name":"SIEP Institute","description":"Skandinaviska institutet f\u00f6r evidensbaserad psykologi","publisher":{"@id":"https:\/\/siepinstitute.com\/#organization"},"potentialAction":[{"@type":"SearchAction","target":{"@type":"EntryPoint","urlTemplate":"https:\/\/siepinstitute.com\/?s={search_term_string}"},"query-input":{"@type":"PropertyValueSpecification","valueRequired":true,"valueName":"search_term_string"}}],"inLanguage":"en-US"},{"@type":"Organization","@id":"https:\/\/siepinstitute.com\/#organization","name":"SIEP Institute","url":"https:\/\/siepinstitute.com\/","logo":{"@type":"ImageObject","inLanguage":"en-US","@id":"https:\/\/siepinstitute.com\/#\/schema\/logo\/image\/","url":"https:\/\/siepinstitute.com\/wp-content\/uploads\/2022\/05\/SIEP.png","contentUrl":"https:\/\/siepinstitute.com\/wp-content\/uploads\/2022\/05\/SIEP.png","width":3600,"height":2700,"caption":"SIEP Institute"},"image":{"@id":"https:\/\/siepinstitute.com\/#\/schema\/logo\/image\/"}}]}},"_links":{"self":[{"href":"https:\/\/siepinstitute.com\/us\/wp-json\/wp\/v2\/pages\/3","targetHints":{"allow":["GET"]}}],"collection":[{"href":"https:\/\/siepinstitute.com\/us\/wp-json\/wp\/v2\/pages"}],"about":[{"href":"https:\/\/siepinstitute.com\/us\/wp-json\/wp\/v2\/types\/page"}],"author":[{"embeddable":true,"href":"https:\/\/siepinstitute.com\/us\/wp-json\/wp\/v2\/users\/1"}],"replies":[{"embeddable":true,"href":"https:\/\/siepinstitute.com\/us\/wp-json\/wp\/v2\/comments?post=3"}],"version-history":[{"count":11,"href":"https:\/\/siepinstitute.com\/us\/wp-json\/wp\/v2\/pages\/3\/revisions"}],"predecessor-version":[{"id":780,"href":"https:\/\/siepinstitute.com\/us\/wp-json\/wp\/v2\/pages\/3\/revisions\/780"}],"wp:attachment":[{"href":"https:\/\/siepinstitute.com\/us\/wp-json\/wp\/v2\/media?parent=3"}],"curies":[{"name":"wp","href":"https:\/\/api.w.org\/{rel}","templated":true}]}}